{"id":1347,"date":"2024-03-15T16:00:38","date_gmt":"2024-03-15T16:00:38","guid":{"rendered":"http:\/\/chengyu-prod.fr\/?page_id=1347"},"modified":"2024-03-15T17:22:45","modified_gmt":"2024-03-15T17:22:45","slug":"osgood","status":"publish","type":"page","link":"https:\/\/chengyu-prod.fr\/index.php\/osgood\/","title":{"rendered":"OSGOOD"},"content":{"rendered":"<div class=\"wpb-content-wrapper\"><p>[vc_row full_height=\u00a0\u00bbyes\u00a0\u00bb dfd_bg_style=\u00a0\u00bbvideo\u00a0\u00bb dfd_video_url_mp4=\u00a0\u00bbhttps:\/\/chengyu-prod.fr\/wp-content\/uploads\/2019\/10\/PLAN_BOBINE.webm\u00a0\u00bb dfd_video_url_webm=\u00a0\u00bbhttps:\/\/chengyu-prod.fr\/wp-content\/uploads\/2019\/10\/PLAN_BOBINE.webm\u00a0\u00bb dfd_video_opts=\u00a0\u00bbloop,muted\u00a0\u00bb force_equal_height_columns=\u00a0\u00bbmain_row\u00a0\u00bb css=\u00a0\u00bb.vc_custom_1710523291409{padding-top: 10% !important;padding-bottom: 10% !important;background-color: rgba(30,115,190,0.89) !important;*background-color: rgb(30,115,190) !important;}\u00a0\u00bb][vc_column]<div id=\"dfd-single-image-module69e159cf9c18f-1563\" class=\"dfd-single-image-module  image-center \" ><img loading=\"lazy\" decoding=\"async\" src=\"https:\/\/chengyu-prod.fr\/wp-content\/uploads\/2024\/03\/Osgood-logo-HD.png\" width=\"1303\" height=\"413\"  alt=\"Image module\" \/><\/div>[\/vc_column][\/vc_row][vc_row css=\u00a0\u00bb.vc_custom_1710522913537{padding-top: 10% !important;padding-bottom: 5% !important;}\u00a0\u00bb][vc_column width=\u00a0\u00bb1\/2&Prime; css=\u00a0\u00bb.vc_custom_1710522405743{padding-right: 3% !important;padding-left: 3% !important;}\u00a0\u00bb col_shadow=\u00a0\u00bbbox_shadow_enable:disable|shadow_horizontal:0|shadow_vertical:15|shadow_blur:50|shadow_spread:0|box_shadow_color:rgba(0%2C0%2C0%2C.35)\u00a0\u00bb col_shadow_hover=\u00a0\u00bbbox_shadow_enable:disable|shadow_horizontal:0|shadow_vertical:15|shadow_blur:50|shadow_spread:0|box_shadow_color:rgba(0%2C0%2C0%2C.35)\u00a0\u00bb]<div class=\"dfd-heading-shortcode\"><div class=\"dfd-heading-module-wrap  text-left style_01 dfd-heading-69e159cf9c207 dfd-disable-resposive-headings\" id=\"dfd-heading-69e159cf9c207\" ><div class=\"inline-block\"><div class=\"dfd-heading-module\"><h1 class=\"widget-title dfd-title \" style=\"font-size: 50px; line-height: 50px; \">Chez OSGOOD, nous d\u00e9veloppons des s\u00e9ries et des films pour la t\u00e9l\u00e9vision et les plateformes.<\/h1><\/div><\/div><\/div><script type=\"text\/javascript\">\r\n\t\t\t\t\t\t\t\t\t(function($) {\r\n\t\t\t\t\t\t\t\t\t\t$(\"head\").append(\"<style>.dfd-heading-69e159cf9c207.dfd-heading-module-wrap .dfd-heading-module .dfd-heading-delimiter {margin-top:10px;margin-bottom:10px;}<\/style>\");\r\n\t\t\t\t\t\t\t\t\t})(jQuery);\r\n\t\t\t\t\t\t\t\t<\/script><\/div><div class=\"dfd-spacer-module\"  data-units=\"px\" data-wide_resolution=\"1280\" data-wide_size=\"40\" data-normal_resolution=\"1024\" data-normal_size=\"30\" data-tablet_resolution=\"800\" data-tablet_size=\"20\" data-mobile_resolution=\"480\" data-mobile_size=\"10\" style=\"height: 40px;\"><\/div>[\/vc_column][vc_column width=\u00a0\u00bb1\/2&Prime; css=\u00a0\u00bb.vc_custom_1710522412227{padding-right: 3% !important;padding-left: 3% !important;}\u00a0\u00bb col_shadow=\u00a0\u00bbbox_shadow_enable:disable|shadow_horizontal:0|shadow_vertical:15|shadow_blur:50|shadow_spread:0|box_shadow_color:rgba(0%2C0%2C0%2C.35)\u00a0\u00bb col_shadow_hover=\u00a0\u00bbbox_shadow_enable:disable|shadow_horizontal:0|shadow_vertical:15|shadow_blur:50|shadow_spread:0|box_shadow_color:rgba(0%2C0%2C0%2C.35)\u00a0\u00bb][vc_column_text]Nos bureaux sont situ\u00e9s dans les mythiques studios de cin\u00e9ma de Boulogne, c\u2019est ici que tourn\u00e8rent Renoir, Tati, Welles, Truffaut et m\u00eame Billy Wilder.<\/p>\n<p>Vous vous rappelez qui lance la phrase culte \u00ab\u00a0Nobody\u2019s perfect\u00a0!\u00a0\u00bb dans <em>Certains l\u2019aiment chaud<\/em>\u00a0? Ce bon vieux Osgood\u00a0!<\/p>\n<p>Comme lui, nous sommes curieux et n\u2019avons pas peur de l\u2019inattendu.<\/p>\n<p>Amateurs de concepts bien ficel\u00e9s et friands de r\u00e9f\u00e9rences anglo-saxonnes, nous proposons des divertissements \u00e9l\u00e9gants qui r\u00e9v\u00e8lent des voix d\u2019autrices et d\u2019auteurs que nous accompagnons sur la dur\u00e9e.[\/vc_column_text][\/vc_column][\/vc_row][vc_row css=\u00a0\u00bb.vc_custom_1710522893664{padding-top: 5% !important;padding-bottom: 5% !important;}\u00a0\u00bb][vc_column width=\u00a0\u00bb1\/3&Prime;]<div class=\"dfd-heading-shortcode\"><div class=\"dfd-heading-module-wrap  text-left style_06 dfd-heading-69e159cf9c2f1 dfd-disable-resposive-headings\" id=\"dfd-heading-69e159cf9c2f1\" ><div class=\"inline-block\"><div class=\"dfd-heading-module\"><h4 class=\"widget-title dfd-title \" style=\"font-size: 50px; \"><b>2004<\/b><\/h4><\/div><\/div><\/div><script type=\"text\/javascript\">\r\n\t\t\t\t\t\t\t\t\t(function($) {\r\n\t\t\t\t\t\t\t\t\t\t$(\"head\").append(\"<style>.dfd-heading-69e159cf9c2f1.dfd-heading-module-wrap .dfd-heading-module .dfd-heading-delimiter {margin-top:10px;margin-bottom:10px;}<\/style>\");\r\n\t\t\t\t\t\t\t\t\t})(jQuery);\r\n\t\t\t\t\t\t\t\t<\/script><\/div><div class=\"dfd-spacer-module\"  data-units=\"px\" data-wide_resolution=\"1280\" data-wide_size=\"40\" data-normal_resolution=\"1024\" data-normal_size=\"30\" data-tablet_resolution=\"800\" data-tablet_size=\"20\" data-mobile_resolution=\"480\" data-mobile_size=\"10\" style=\"height: 40px;\"><\/div>[vc_column_text]En 2004, <strong>Laurent Armillei et Franc\u0327ois Be\u0301nichou <\/strong>cr\u00e9ent <strong>Flab Prod<\/strong>, une soci\u00e9t\u00e9 de production audiovisuelle qui a produit plus de 5000 \u00e9missions de flux pour Canal+ (<em>En apart\u00e9, Le Cercle, Tchi Tcha,, <\/em>c\u00e9r\u00e9monie des C\u00e9sar, c\u00e9r\u00e9monies du Festival de Cannes, <em>Canal Football Club, La Nouvelle Edition, Le Tube,<\/em> <em>21cm<\/em>, <em>Biolay Christmas Show<\/em>,\u2026)[\/vc_column_text]<div class=\"dfd-spacer-module\"  data-units=\"px\" data-wide_resolution=\"1280\" data-wide_size=\"40\" data-normal_resolution=\"1024\" data-normal_size=\"30\" data-tablet_resolution=\"800\" data-tablet_size=\"20\" data-mobile_resolution=\"480\" data-mobile_size=\"10\" style=\"height: 40px;\"><\/div>[\/vc_column][vc_column width=\u00a0\u00bb1\/3&Prime;]<div class=\"dfd-heading-shortcode\"><div class=\"dfd-heading-module-wrap  text-left style_06 dfd-heading-69e159cf9c3b7 dfd-disable-resposive-headings\" id=\"dfd-heading-69e159cf9c3b7\" ><div class=\"inline-block\"><div class=\"dfd-heading-module\"><h4 class=\"widget-title dfd-title \" style=\"font-size: 50px; \"><b>2012<\/b><\/h4><\/div><\/div><\/div><script type=\"text\/javascript\">\r\n\t\t\t\t\t\t\t\t\t(function($) {\r\n\t\t\t\t\t\t\t\t\t\t$(\"head\").append(\"<style>.dfd-heading-69e159cf9c3b7.dfd-heading-module-wrap .dfd-heading-module .dfd-heading-delimiter {margin-top:10px;margin-bottom:10px;}<\/style>\");\r\n\t\t\t\t\t\t\t\t\t})(jQuery);\r\n\t\t\t\t\t\t\t\t<\/script><\/div><div class=\"dfd-spacer-module\"  data-units=\"px\" data-wide_resolution=\"1280\" data-wide_size=\"40\" data-normal_resolution=\"1024\" data-normal_size=\"30\" data-tablet_resolution=\"800\" data-tablet_size=\"20\" data-mobile_resolution=\"480\" data-mobile_size=\"10\" style=\"height: 40px;\"><\/div>[vc_column_text]En 2012, leur envie de p\u00e9renniser une activit\u00e9 de production de documentaires les pousse \u00e0\u00a0 cr\u00e9er une nouvelle soci\u00e9t\u00e9 de production ind\u00e9pendante, <strong>Chengyu Prod<\/strong>. Elle a ainsi produit depuis sa cr\u00e9ation de nombreux documentaires pour France 2, Arte, Canal+ ou RMC D\u00e9couverte, mais aussi depuis 2020 une ambitieuse collection de docu-fictions historiques, <em>L\u2019Europe des Merveilles<\/em>, diffus\u00e9e sur Plan\u00e8te+ et MyCanal, et vendue dans une dizaine de pays.[\/vc_column_text]<div class=\"dfd-spacer-module\"  data-units=\"px\" data-wide_resolution=\"1280\" data-wide_size=\"40\" data-normal_resolution=\"1024\" data-normal_size=\"30\" data-tablet_resolution=\"800\" data-tablet_size=\"20\" data-mobile_resolution=\"480\" data-mobile_size=\"10\" style=\"height: 40px;\"><\/div>[\/vc_column][vc_column width=\u00a0\u00bb1\/3&Prime;]<div class=\"dfd-heading-shortcode\"><div class=\"dfd-heading-module-wrap  text-left style_06 dfd-heading-69e159cf9c465 dfd-disable-resposive-headings\" id=\"dfd-heading-69e159cf9c465\" ><div class=\"inline-block\"><div class=\"dfd-heading-module\"><h4 class=\"widget-title dfd-title \" style=\"font-size: 50px; \"><b>2024<\/b><\/h4><\/div><\/div><\/div><script type=\"text\/javascript\">\r\n\t\t\t\t\t\t\t\t\t(function($) {\r\n\t\t\t\t\t\t\t\t\t\t$(\"head\").append(\"<style>.dfd-heading-69e159cf9c465.dfd-heading-module-wrap .dfd-heading-module .dfd-heading-delimiter {margin-top:10px;margin-bottom:10px;}<\/style>\");\r\n\t\t\t\t\t\t\t\t\t})(jQuery);\r\n\t\t\t\t\t\t\t\t<\/script><\/div><div class=\"dfd-spacer-module\"  data-units=\"px\" data-wide_resolution=\"1280\" data-wide_size=\"40\" data-normal_resolution=\"1024\" data-normal_size=\"30\" data-tablet_resolution=\"800\" data-tablet_size=\"20\" data-mobile_resolution=\"480\" data-mobile_size=\"10\" style=\"height: 40px;\"><\/div>[vc_column_text]En 2024, <strong>Osgood<\/strong> voit le jour. Label fiction de Chengyu, notre nom est un clin d\u2019\u0153il respectueux au ma\u00eetre\u2026 et un mantra : proposer des fictions ludiques et ambitieuses pour toucher le plus large public possible.[\/vc_column_text][\/vc_column][\/vc_row][vc_row css=\u00a0\u00bb.vc_custom_1710522899164{padding-top: 5% !important;padding-bottom: 5% !important;}\u00a0\u00bb][vc_column width=\u00a0\u00bb1\/2&Prime; css=\u00a0\u00bb.vc_custom_1710522816659{padding-right: 3% !important;padding-left: 3% !important;}\u00a0\u00bb col_shadow=\u00a0\u00bbbox_shadow_enable:disable|shadow_horizontal:0|shadow_vertical:15|shadow_blur:50|shadow_spread:0|box_shadow_color:rgba(0%2C0%2C0%2C.35)\u00a0\u00bb col_shadow_hover=\u00a0\u00bbbox_shadow_enable:disable|shadow_horizontal:0|shadow_vertical:15|shadow_blur:50|shadow_spread:0|box_shadow_color:rgba(0%2C0%2C0%2C.35)\u00a0\u00bb]<div id=\"dfd-single-image-module69e159cf9c791-20\" class=\"dfd-single-image-module  image-center \" ><img loading=\"lazy\" decoding=\"async\" src=\"https:\/\/chengyu-prod.fr\/wp-content\/uploads\/2024\/03\/Photo-1.jpg\" width=\"844\" height=\"1082\"  alt=\"Image module\" \/><\/div><div class=\"dfd-spacer-module\"  data-units=\"px\" data-wide_resolution=\"1280\" data-wide_size=\"40\" data-normal_resolution=\"1024\" data-normal_size=\"30\" data-tablet_resolution=\"800\" data-tablet_size=\"20\" data-mobile_resolution=\"480\" data-mobile_size=\"10\" style=\"height: 40px;\"><\/div>[vc_column_text]<strong>Adrien Mazeau<\/strong>[\/vc_column_text]<div class=\"dfd-spacer-module\"  data-units=\"px\" data-wide_resolution=\"1280\" data-wide_size=\"40\" data-normal_resolution=\"1024\" data-normal_size=\"30\" data-tablet_resolution=\"800\" data-tablet_size=\"20\" data-mobile_resolution=\"480\" data-mobile_size=\"10\" style=\"height: 40px;\"><\/div>[vc_column_text]Producteur et sc\u00e9nariste, Adrien d\u00e9veloppe depuis plus de dix ans des films et des s\u00e9ries au service des groupes (Canal+, Studiocanal, Studiocanal S\u00e9ries\u2026) comme des producteurs ind\u00e9pendants (Nord-Ouest, Newtopia, Firstep\u2026). S\u00e9rie- et cin\u00e9phile passionn\u00e9, auteur form\u00e9 au CEEA, il met son exp\u00e9rience et son enthousiasme au service des cr\u00e9ateur.ice.s. tout en cultivant une (saine) obsession pour <em>PARKS AND RECREATIONS<\/em>.[\/vc_column_text]<div class=\"dfd-spacer-module\"  data-units=\"px\" data-wide_resolution=\"1280\" data-wide_size=\"40\" data-normal_resolution=\"1024\" data-normal_size=\"30\" data-tablet_resolution=\"800\" data-tablet_size=\"20\" data-mobile_resolution=\"480\" data-mobile_size=\"10\" style=\"height: 40px;\"><\/div>[\/vc_column][vc_column width=\u00a0\u00bb1\/2&Prime; css=\u00a0\u00bb.vc_custom_1710522823833{padding-right: 3% !important;padding-left: 3% !important;}\u00a0\u00bb col_shadow=\u00a0\u00bbbox_shadow_enable:disable|shadow_horizontal:0|shadow_vertical:15|shadow_blur:50|shadow_spread:0|box_shadow_color:rgba(0%2C0%2C0%2C.35)\u00a0\u00bb col_shadow_hover=\u00a0\u00bbbox_shadow_enable:disable|shadow_horizontal:0|shadow_vertical:15|shadow_blur:50|shadow_spread:0|box_shadow_color:rgba(0%2C0%2C0%2C.35)\u00a0\u00bb]<div id=\"dfd-single-image-module69e159cf9cad1-3202\" class=\"dfd-single-image-module  image-center \" ><img loading=\"lazy\" decoding=\"async\" src=\"https:\/\/chengyu-prod.fr\/wp-content\/uploads\/2024\/03\/Photo-2.jpg\" width=\"844\" height=\"1082\"  alt=\"Image module\" \/><\/div><div class=\"dfd-spacer-module\"  data-units=\"px\" data-wide_resolution=\"1280\" data-wide_size=\"40\" data-normal_resolution=\"1024\" data-normal_size=\"30\" data-tablet_resolution=\"800\" data-tablet_size=\"20\" data-mobile_resolution=\"480\" data-mobile_size=\"10\" style=\"height: 40px;\"><\/div>[vc_column_text]<strong>Ivan Macaux<\/strong>[\/vc_column_text]<div class=\"dfd-spacer-module\"  data-units=\"px\" data-wide_resolution=\"1280\" data-wide_size=\"40\" data-normal_resolution=\"1024\" data-normal_size=\"30\" data-tablet_resolution=\"800\" data-tablet_size=\"20\" data-mobile_resolution=\"480\" data-mobile_size=\"10\" style=\"height: 40px;\"><\/div>[vc_column_text]Critique de cine\u0301ma pour la presse e\u0301crite, Ivan est ensuite journaliste pour la te\u0301le\u0301vision, re\u0301alisant de nombreux reportages d\u2019investigation et documentaires (France 2, France 5, Canal+). En 2016, il cr\u00e9e avec Flab Prod et Augustin Trapenard la mensuelle litte\u0301raire <em>21cm <\/em>sur Canal+, dont il assure la re\u0301daction en chef et la re\u0301alisation. En paralle\u0300le, il e\u0301crit des romans (chez Stock) et des beaux-livres (aux Equateurs). Enfin, \u00e7a c\u2019est quand il ne regarde pas l\u2019int\u00e9grale <em>MAD MEN<\/em> pour la dixi\u00e8me fois.[\/vc_column_text][\/vc_column][\/vc_row]<\/p>\n<\/div>","protected":false},"excerpt":{"rendered":"<p>[vc_row full_height=\u00a0\u00bbyes\u00a0\u00bb dfd_bg_style=\u00a0\u00bbvideo\u00a0\u00bb dfd_video_url_mp4=\u00a0\u00bbhttps:\/\/chengyu-prod.fr\/wp-content\/uploads\/2019\/10\/PLAN_BOBINE.webm\u00a0\u00bb dfd_video_url_webm=\u00a0\u00bbhttps:\/\/chengyu-prod.fr\/wp-content\/uploads\/2019\/10\/PLAN_BOBINE.webm\u00a0\u00bb dfd_video_opts=\u00a0\u00bbloop,muted\u00a0\u00bb force_equal_height_columns=\u00a0\u00bbmain_row\u00a0\u00bb css=\u00a0\u00bb.vc_custom_1710523291409{padding-top: 10% !important;padding-bottom: 10% !important;background-color: rgba(30,115,190,0.89) !important;*background-color: rgb(30,115,190) !important;}\u00a0\u00bb][vc_column][\/vc_column][\/vc_row][vc_row css=\u00a0\u00bb.vc_custom_1710522913537{padding-top: 10% !important;padding-bottom: 5% !important;}\u00a0\u00bb][vc_column width=\u00a0\u00bb1\/2&Prime; css=\u00a0\u00bb.vc_custom_1710522405743{padding-right: 3% !important;padding-left: 3% !important;}\u00a0\u00bb col_shadow=\u00a0\u00bbbox_shadow_enable:disable|shadow_horizontal:0|shadow_vertical:15|shadow_blur:50|shadow_spread:0|box_shadow_color:rgba(0%2C0%2C0%2C.35)\u00a0\u00bb col_shadow_hover=\u00a0\u00bbbox_shadow_enable:disable|shadow_horizontal:0|shadow_vertical:15|shadow_blur:50|shadow_spread:0|box_shadow_color:rgba(0%2C0%2C0%2C.35)\u00a0\u00bb][\/vc_column][vc_column width=\u00a0\u00bb1\/2&Prime;<\/p>\n","protected":false},"author":2,"featured_media":0,"parent":0,"menu_order":0,"comment_status":"closed","ping_status":"closed","template":"page-custom.php","meta":{"footnotes":""},"class_list":["post-1347","page","type-page","status-publish","hentry"],"_links":{"self":[{"href":"https:\/\/chengyu-prod.fr\/index.php\/wp-json\/wp\/v2\/pages\/1347","targetHints":{"allow":["GET"]}}],"collection":[{"href":"https:\/\/chengyu-prod.fr\/index.php\/wp-json\/wp\/v2\/pages"}],"about":[{"href":"https:\/\/chengyu-prod.fr\/index.php\/wp-json\/wp\/v2\/types\/page"}],"author":[{"embeddable":true,"href":"https:\/\/chengyu-prod.fr\/index.php\/wp-json\/wp\/v2\/users\/2"}],"replies":[{"embeddable":true,"href":"https:\/\/chengyu-prod.fr\/index.php\/wp-json\/wp\/v2\/comments?post=1347"}],"version-history":[{"count":5,"href":"https:\/\/chengyu-prod.fr\/index.php\/wp-json\/wp\/v2\/pages\/1347\/revisions"}],"predecessor-version":[{"id":1352,"href":"https:\/\/chengyu-prod.fr\/index.php\/wp-json\/wp\/v2\/pages\/1347\/revisions\/1352"}],"wp:attachment":[{"href":"https:\/\/chengyu-prod.fr\/index.php\/wp-json\/wp\/v2\/media?parent=1347"}],"curies":[{"name":"wp","href":"https:\/\/api.w.org\/{rel}","templated":true}]}}